{"id":746,"date":"2019-07-23T15:10:08","date_gmt":"2019-07-23T15:10:08","guid":{"rendered":"http:\/\/vayou.app\/?page_id=746"},"modified":"2020-01-21T14:35:24","modified_gmt":"2020-01-21T14:35:24","slug":"behind-vayou","status":"publish","type":"page","link":"https:\/\/vayou.app\/de\/behind-vayou\/","title":{"rendered":"Behind VaYou"},"content":{"rendered":"<h2>\u00dcber den Namen &#8222;VaYou&#8220;<\/h2>\n<p>VaYou leitet sich vom Sanskritwort &#8222;<strong>vayu<\/strong>&#8220; ab, was &#8222;Wind&#8220; bedeutet, in Verbindung mit &#8222;Du\/dir&#8220;, da es dir erlaubt, es sehr individuell zu erleben. Vayu (oder Vayu Deva) ist auch der Name des hinduistischen Gottes des Windes. In der hinduistischen Tradition werden die f\u00fcnf Elemente &#8211; Feuer, Erde, Wasser, Luft (Wind) und \u00c4ther &#8211; als G\u00f6tter dargestellt. Nach alten Yogis ist Prana in f\u00fcnf Vayus unterteilt. Das Bewusstsein f\u00fcr den Vayu kann einem Individuum helfen, den optimalen Nutzen aus den yogischen Praktiken zu ziehen, da die Bewegung des Pranas die Essenz der yogischen Praxis ist.<\/p>\n<p>Die f\u00fcnf Unterteilungen von Vayu sind wie folgt: Prana vayu &#8211; Im Kopf gelegen, ist dies die grundlegende Energie. Regelt den Empfang von allem, von der Luft bis zum Essen, von den Sinnen bis zu den Gedanken. Apana vayu &#8211; Aktiv im Becken- und Unterbauchbereich. Verbessert die Verdauung, Ausscheidung und Fortpflanzung. Vyana vayu &#8211; Regelt das Herz und die Lunge und unterst\u00fctzt die Funktion anderer Vayus. Udana vayu &#8211; Liegt im Halsbereich. F\u00f6rdert Selbstdarstellung und Wachstum. Samana vayu &#8211; Pr\u00e4sentiert im Bauch mit dem Nabel als Energiequelle. Regelt die Verdauung von allem, von der Nahrung bis zum Denken. Das Ausbalancieren des Vayus f\u00f6rdert nicht nur die k\u00f6rperliche St\u00e4rke, sondern hilft auch dem Praktizierenden, sich seinen spirituellen Zielen anzun\u00e4hern.<\/p>\n<h2>\u00dcber Wavemed<\/h2>\n<p>Wavemed ist ein Team von Mitarbeitern mit Sitz in Wien, \u00d6sterreich, das sich zum Ziel gesetzt hat, Biofeedback auf n\u00fctzliche Art und Weise in Klang umzusetzen.<\/p>\n<p><img loading=\"lazy\" decoding=\"async\" class=\"alignleft size-full wp-image-743\" src=\"http:\/\/vayou.app\/wp-content\/uploads\/2018\/11\/LF-portraitWeb.jpeg\" alt=\"\" width=\"188\" height=\"281\" \/><\/p>\n<p>Wavemed Gr\u00fcnder Lukas Filz ist Musiker\/Bassist und studierte medizinische Informatik mit den Schwerpunkten EKG- und EEG-Analyse sowie Biofeedback-Forschung. Die Transformation physiologischer Abl\u00e4ufe in Klang war von Anfang an ein wichtiger Aspekt seiner Arbeiten. Anfang der 90er Jahre entwickelte er die RealTime Biosignal Workstation, eine flexible Psychophysiologie-Forschungsplattform, die mit dem Betriebssystem Nextstep, dem Vorl\u00e4ufer des heutigen MacOS, arbeitete.<\/p>\n<p>Die Forschungsarbeiten hatten immer einen starken pers\u00f6nlichen Aspekt und f\u00fchrten ihn zu Hatha-Yoga und Pranayama. Die folgende Ausbildung in Psychotherapie gab Lukas die M\u00f6glichkeit, so direkt wie m\u00f6glich mit Menschen zu arbeiten, was er seit 2008 tut.<\/p>\n<p>Alle Bem\u00fchungen und Forschungen f\u00fchrten zur Konzeptualisierung (2014) und Entwicklung von VaYou mit der Pr\u00e4misse, dem Benutzer maximale Freiheit zu geben, indem er seine gesamte bisherige Erfahrung daf\u00fcr einsetzte.\u00a0Inzwischen wird VaYou erfolgreich als effektives Werkzeug in den Bereichen Stresspr\u00e4vention, Psychotherapie und Yoga eingesetzt.<\/p>\n<p>Die Weiterentwicklung von VaYou und die F&amp;E von hilfreichen und innovativen Anwendungen ist und bleibt langfristig der Hauptfokus von Wavemed.<\/p>\n<h2>Die Wurzeln von VaYou: RealTime Biosignal Workstation<\/h2>\n<p>RealTime war ein hochentwickeltes Biosignal-Erfassungs-, Echtzeit-Analyse- und Feedback-System, das auf NeXT-Computern basierte und im Katalog &#8222;NeXT Healthcare Solutions&#8220; (siehe Bilder unten) vorgestellt wurde. Es wurde f\u00fcr verschiedene klinische Routine- und Forschungsanwendungen qualifiziert, wie z.B:<\/p>\n<ul>\n<li>Biofeedback<\/li>\n<li>Klinisches EEG und EKG<\/li>\n<li>Monitoring<\/li>\n<li>Psychophysiologische Experimente<\/li>\n<li>Videometrie<\/li>\n<\/ul>\n<p>Die Biosignale wurden durch ein 16-kanaliges Biosignal-Erfassungssystem, eine analog\/digitale Biosignal-Messeinheit, verst\u00e4rkt und abgetastet, wobei EEG-, DC-EEG-, EKG-, EMG-, EOG-, Atem-, Temperatur- und GSR-Signale erfasst wurden. Es bietet eine echte 16-Bit-Aufl\u00f6sung und einen Frequenzgang von DC bis 4 kHz (20 kHz f\u00fcr einen Kanal). Die Proben wurden einem NeXT-Computer mit dem DSP-Port oder einem Intel 486-Computer mit NeXTStep und einer zus\u00e4tzlichen DSP-Karte zugef\u00fchrt. Die Videobilder konnten mit der NeXTdlmension verarbeitet werden.<\/p>\n<p>Die RealTime-Software bestand aus einem umfangreichen Satz von Modulen f\u00fcr Vorverarbeitung, Analyse, Anzeige und Ton, die beliebig miteinander verbunden und den Biosignalkan\u00e4len zugeordnet werden konnten. Ein solches Netzwerk und die damit verbundenen Parameter konnten sogar w\u00e4hrend einer Aufnahmesitzung modifiziert werden. Qualitativ hochwertige akustische und visuelle Ausgaben, z.B. f\u00fcr die Stimuluspr\u00e4sentation, k\u00f6nnten durch Echtzeit-Analyseergebnisse moduliert werden, was R\u00fcckkopplung und Closed-Loop-Experimente erm\u00f6glicht. Versionen waren in Englisch und Deutsch verf\u00fcgbar.<\/p>\n<div class=\"su-custom-gallery su-custom-gallery-align-left su-custom-gallery-title-never su-lightbox-gallery\"><div class=\"su-custom-gallery-slide\" style=\"width:240px;height:240px\"><a href=\"https:\/\/vayou.app\/wp-content\/uploads\/2020\/01\/NeXT_cover.jpg\" title=\"NeXT_cover\"><img loading=\"lazy\" decoding=\"async\" src=\"https:\/\/vayou.app\/wp-content\/uploads\/2020\/01\/NeXT_cover-240x240.jpg\" alt=\"NeXT_cover\" width=\"240\" height=\"240\" \/><span class=\"su-custom-gallery-title\">NeXT_cover<\/span><\/a><\/div><div class=\"su-custom-gallery-slide\" style=\"width:240px;height:240px\"><a href=\"https:\/\/vayou.app\/wp-content\/uploads\/2020\/01\/NeXT_back.jpg\" title=\"NeXT_back\"><img loading=\"lazy\" decoding=\"async\" src=\"https:\/\/vayou.app\/wp-content\/uploads\/2020\/01\/NeXT_back-240x240.jpg\" alt=\"NeXT_back\" width=\"240\" height=\"240\" \/><span class=\"su-custom-gallery-title\">NeXT_back<\/span><\/a><\/div><div class=\"su-custom-gallery-slide\" style=\"width:240px;height:240px\"><a href=\"https:\/\/vayou.app\/wp-content\/uploads\/2020\/01\/NeXT_screen.jpg\" title=\"NeXT_screen\"><img loading=\"lazy\" decoding=\"async\" src=\"https:\/\/vayou.app\/wp-content\/uploads\/2020\/01\/NeXT_screen-240x240.jpg\" alt=\"NeXT_screen\" width=\"240\" height=\"240\" \/><span class=\"su-custom-gallery-title\">NeXT_screen<\/span><\/a><\/div><div class=\"su-clear\"><\/div><\/div>\n","protected":false},"excerpt":{"rendered":"<p>\u00dcber den Namen &#8222;VaYou&#8220; VaYou leitet sich vom Sanskritwort &#8222;vayu&#8220; ab, was &#8222;Wind&#8220; bedeutet, in Verbindung mit &#8222;Du\/dir&#8220;, da es dir erlaubt, es sehr individuell zu erleben. Vayu (oder Vayu Deva) ist auch der Name des hinduistischen Gottes des Windes. In der hinduistischen Tradition werden die f\u00fcnf Elemente &#8211; Feuer, Erde, Wasser, Luft (Wind) und&#8230;<\/p>\n","protected":false},"author":1,"featured_media":0,"parent":0,"menu_order":0,"comment_status":"closed","ping_status":"closed","template":"","meta":{"footnotes":""},"class_list":["post-746","page","type-page","status-publish","hentry"],"yoast_head":"<!-- This site is optimized with the Yoast SEO plugin v25.8 - https:\/\/yoast.com\/wordpress\/plugins\/seo\/ -->\n<title>Behind VaYou - VaYou<\/title>\n<meta name=\"robots\" content=\"index, follow, max-snippet:-1, max-image-preview:large, max-video-preview:-1\" \/>\n<link rel=\"canonical\" href=\"https:\/\/vayou.app\/de\/behind-vayou\/\" \/>\n<meta property=\"og:locale\" content=\"de_DE\" \/>\n<meta property=\"og:type\" content=\"article\" \/>\n<meta property=\"og:title\" content=\"Behind VaYou - VaYou\" \/>\n<meta property=\"og:description\" content=\"\u00dcber den Namen &#8222;VaYou&#8220; VaYou leitet sich vom Sanskritwort &#8222;vayu&#8220; ab, was &#8222;Wind&#8220; bedeutet, in Verbindung mit &#8222;Du\/dir&#8220;, da es dir erlaubt, es sehr individuell zu erleben. Vayu (oder Vayu Deva) ist auch der Name des hinduistischen Gottes des Windes. In der hinduistischen Tradition werden die f\u00fcnf Elemente &#8211; Feuer, Erde, Wasser, Luft (Wind) und...\" \/>\n<meta property=\"og:url\" content=\"https:\/\/vayou.app\/de\/behind-vayou\/\" \/>\n<meta property=\"og:site_name\" content=\"VaYou\" \/>\n<meta property=\"article:publisher\" content=\"https:\/\/www.facebook.com\/vayouapp\/\" \/>\n<meta property=\"article:modified_time\" content=\"2020-01-21T14:35:24+00:00\" \/>\n<meta property=\"og:image\" content=\"http:\/\/vayou.app\/wp-content\/uploads\/2018\/11\/LF-portraitWeb.jpeg\" \/>\n<meta name=\"twitter:card\" content=\"summary_large_image\" \/>\n<meta name=\"twitter:label1\" content=\"Gesch\u00e4tzte Lesezeit\" \/>\n\t<meta name=\"twitter:data1\" content=\"3\u00a0Minuten\" \/>\n<script type=\"application\/ld+json\" class=\"yoast-schema-graph\">{\"@context\":\"https:\/\/schema.org\",\"@graph\":[{\"@type\":\"WebPage\",\"@id\":\"https:\/\/vayou.app\/de\/behind-vayou\/\",\"url\":\"https:\/\/vayou.app\/de\/behind-vayou\/\",\"name\":\"Behind VaYou - VaYou\",\"isPartOf\":{\"@id\":\"https:\/\/vayou.app\/de\/#website\"},\"primaryImageOfPage\":{\"@id\":\"https:\/\/vayou.app\/de\/behind-vayou\/#primaryimage\"},\"image\":{\"@id\":\"https:\/\/vayou.app\/de\/behind-vayou\/#primaryimage\"},\"thumbnailUrl\":\"http:\/\/vayou.app\/wp-content\/uploads\/2018\/11\/LF-portraitWeb.jpeg\",\"datePublished\":\"2019-07-23T15:10:08+00:00\",\"dateModified\":\"2020-01-21T14:35:24+00:00\",\"breadcrumb\":{\"@id\":\"https:\/\/vayou.app\/de\/behind-vayou\/#breadcrumb\"},\"inLanguage\":\"de\",\"potentialAction\":[{\"@type\":\"ReadAction\",\"target\":[\"https:\/\/vayou.app\/de\/behind-vayou\/\"]}]},{\"@type\":\"ImageObject\",\"inLanguage\":\"de\",\"@id\":\"https:\/\/vayou.app\/de\/behind-vayou\/#primaryimage\",\"url\":\"http:\/\/vayou.app\/wp-content\/uploads\/2018\/11\/LF-portraitWeb.jpeg\",\"contentUrl\":\"http:\/\/vayou.app\/wp-content\/uploads\/2018\/11\/LF-portraitWeb.jpeg\"},{\"@type\":\"BreadcrumbList\",\"@id\":\"https:\/\/vayou.app\/de\/behind-vayou\/#breadcrumb\",\"itemListElement\":[{\"@type\":\"ListItem\",\"position\":1,\"name\":\"Home\",\"item\":\"https:\/\/vayou.app\/de\/\"},{\"@type\":\"ListItem\",\"position\":2,\"name\":\"Behind VaYou\"}]},{\"@type\":\"WebSite\",\"@id\":\"https:\/\/vayou.app\/de\/#website\",\"url\":\"https:\/\/vayou.app\/de\/\",\"name\":\"VaYou\",\"description\":\"VaYou Biofeedback Meditation iOS app description and sound examples\",\"publisher\":{\"@id\":\"https:\/\/vayou.app\/de\/#organization\"},\"potentialAction\":[{\"@type\":\"SearchAction\",\"target\":{\"@type\":\"EntryPoint\",\"urlTemplate\":\"https:\/\/vayou.app\/de\/?s={search_term_string}\"},\"query-input\":{\"@type\":\"PropertyValueSpecification\",\"valueRequired\":true,\"valueName\":\"search_term_string\"}}],\"inLanguage\":\"de\"},{\"@type\":\"Organization\",\"@id\":\"https:\/\/vayou.app\/de\/#organization\",\"name\":\"VaYou\",\"url\":\"https:\/\/vayou.app\/de\/\",\"logo\":{\"@type\":\"ImageObject\",\"inLanguage\":\"de\",\"@id\":\"https:\/\/vayou.app\/de\/#\/schema\/logo\/image\/\",\"url\":\"https:\/\/vayou.app\/wp-content\/uploads\/2018\/09\/IconV-1024-lessBorder-500x464.png\",\"contentUrl\":\"https:\/\/vayou.app\/wp-content\/uploads\/2018\/09\/IconV-1024-lessBorder-500x464.png\",\"width\":500,\"height\":464,\"caption\":\"VaYou\"},\"image\":{\"@id\":\"https:\/\/vayou.app\/de\/#\/schema\/logo\/image\/\"},\"sameAs\":[\"https:\/\/www.facebook.com\/vayouapp\/\"]}]}<\/script>\n<!-- \/ Yoast SEO plugin. -->","yoast_head_json":{"title":"Behind VaYou - VaYou","robots":{"index":"index","follow":"follow","max-snippet":"max-snippet:-1","max-image-preview":"max-image-preview:large","max-video-preview":"max-video-preview:-1"},"canonical":"https:\/\/vayou.app\/de\/behind-vayou\/","og_locale":"de_DE","og_type":"article","og_title":"Behind VaYou - VaYou","og_description":"\u00dcber den Namen &#8222;VaYou&#8220; VaYou leitet sich vom Sanskritwort &#8222;vayu&#8220; ab, was &#8222;Wind&#8220; bedeutet, in Verbindung mit &#8222;Du\/dir&#8220;, da es dir erlaubt, es sehr individuell zu erleben. Vayu (oder Vayu Deva) ist auch der Name des hinduistischen Gottes des Windes. In der hinduistischen Tradition werden die f\u00fcnf Elemente &#8211; Feuer, Erde, Wasser, Luft (Wind) und...","og_url":"https:\/\/vayou.app\/de\/behind-vayou\/","og_site_name":"VaYou","article_publisher":"https:\/\/www.facebook.com\/vayouapp\/","article_modified_time":"2020-01-21T14:35:24+00:00","og_image":[{"url":"http:\/\/vayou.app\/wp-content\/uploads\/2018\/11\/LF-portraitWeb.jpeg","type":"","width":"","height":""}],"twitter_card":"summary_large_image","twitter_misc":{"Gesch\u00e4tzte Lesezeit":"3\u00a0Minuten"},"schema":{"@context":"https:\/\/schema.org","@graph":[{"@type":"WebPage","@id":"https:\/\/vayou.app\/de\/behind-vayou\/","url":"https:\/\/vayou.app\/de\/behind-vayou\/","name":"Behind VaYou - VaYou","isPartOf":{"@id":"https:\/\/vayou.app\/de\/#website"},"primaryImageOfPage":{"@id":"https:\/\/vayou.app\/de\/behind-vayou\/#primaryimage"},"image":{"@id":"https:\/\/vayou.app\/de\/behind-vayou\/#primaryimage"},"thumbnailUrl":"http:\/\/vayou.app\/wp-content\/uploads\/2018\/11\/LF-portraitWeb.jpeg","datePublished":"2019-07-23T15:10:08+00:00","dateModified":"2020-01-21T14:35:24+00:00","breadcrumb":{"@id":"https:\/\/vayou.app\/de\/behind-vayou\/#breadcrumb"},"inLanguage":"de","potentialAction":[{"@type":"ReadAction","target":["https:\/\/vayou.app\/de\/behind-vayou\/"]}]},{"@type":"ImageObject","inLanguage":"de","@id":"https:\/\/vayou.app\/de\/behind-vayou\/#primaryimage","url":"http:\/\/vayou.app\/wp-content\/uploads\/2018\/11\/LF-portraitWeb.jpeg","contentUrl":"http:\/\/vayou.app\/wp-content\/uploads\/2018\/11\/LF-portraitWeb.jpeg"},{"@type":"BreadcrumbList","@id":"https:\/\/vayou.app\/de\/behind-vayou\/#breadcrumb","itemListElement":[{"@type":"ListItem","position":1,"name":"Home","item":"https:\/\/vayou.app\/de\/"},{"@type":"ListItem","position":2,"name":"Behind VaYou"}]},{"@type":"WebSite","@id":"https:\/\/vayou.app\/de\/#website","url":"https:\/\/vayou.app\/de\/","name":"VaYou","description":"VaYou Biofeedback Meditation iOS app description and sound examples","publisher":{"@id":"https:\/\/vayou.app\/de\/#organization"},"potentialAction":[{"@type":"SearchAction","target":{"@type":"EntryPoint","urlTemplate":"https:\/\/vayou.app\/de\/?s={search_term_string}"},"query-input":{"@type":"PropertyValueSpecification","valueRequired":true,"valueName":"search_term_string"}}],"inLanguage":"de"},{"@type":"Organization","@id":"https:\/\/vayou.app\/de\/#organization","name":"VaYou","url":"https:\/\/vayou.app\/de\/","logo":{"@type":"ImageObject","inLanguage":"de","@id":"https:\/\/vayou.app\/de\/#\/schema\/logo\/image\/","url":"https:\/\/vayou.app\/wp-content\/uploads\/2018\/09\/IconV-1024-lessBorder-500x464.png","contentUrl":"https:\/\/vayou.app\/wp-content\/uploads\/2018\/09\/IconV-1024-lessBorder-500x464.png","width":500,"height":464,"caption":"VaYou"},"image":{"@id":"https:\/\/vayou.app\/de\/#\/schema\/logo\/image\/"},"sameAs":["https:\/\/www.facebook.com\/vayouapp\/"]}]}},"_links":{"self":[{"href":"https:\/\/vayou.app\/de\/wp-json\/wp\/v2\/pages\/746","targetHints":{"allow":["GET"]}}],"collection":[{"href":"https:\/\/vayou.app\/de\/wp-json\/wp\/v2\/pages"}],"about":[{"href":"https:\/\/vayou.app\/de\/wp-json\/wp\/v2\/types\/page"}],"author":[{"embeddable":true,"href":"https:\/\/vayou.app\/de\/wp-json\/wp\/v2\/users\/1"}],"replies":[{"embeddable":true,"href":"https:\/\/vayou.app\/de\/wp-json\/wp\/v2\/comments?post=746"}],"version-history":[{"count":5,"href":"https:\/\/vayou.app\/de\/wp-json\/wp\/v2\/pages\/746\/revisions"}],"predecessor-version":[{"id":1044,"href":"https:\/\/vayou.app\/de\/wp-json\/wp\/v2\/pages\/746\/revisions\/1044"}],"wp:attachment":[{"href":"https:\/\/vayou.app\/de\/wp-json\/wp\/v2\/media?parent=746"}],"curies":[{"name":"wp","href":"https:\/\/api.w.org\/{rel}","templated":true}]}}