{"id":585,"date":"2017-12-14T21:40:36","date_gmt":"2017-12-14T21:40:36","guid":{"rendered":"http:\/\/vayou.app\/research\/"},"modified":"2019-07-23T15:20:04","modified_gmt":"2019-07-23T15:20:04","slug":"research","status":"publish","type":"page","link":"https:\/\/vayou.app\/de\/research\/","title":{"rendered":"Forschung"},"content":{"rendered":"<h3>VaYou Forschungsprogramm<\/h3>\n<p>Dieses Programm basiert auf den Forschungsarbeiten, die wir 1995 begonnen haben und die durch unsere RealTime Biosignal Workstation (OS Nextstep) erm\u00f6glicht wurden.<\/p>\n<p>Die VaYou fokussierte Forschung wurde 2017 gegr\u00fcndet und gliedert sich in f\u00fcnf Bereiche:<\/p>\n<ol>\n<li>\u00a0Atem-Klang-Geist Feedback\/Feedforward als p\u00e4dagogisches Werkzeug f\u00fcr die Themen Geistesgesundheit, Selbstwahrnehmung, K\u00f6rper-Geist Beziehung und Herzfrequenzvariabilit\u00e4t (HRV).<\/li>\n<li>Biofeedback-unterst\u00fctzte Meditation: Etablierung der Mittel f\u00fcr Atemger\u00e4usch-Feedback als effektives Werkzeug zur Erleichterung und F\u00fchrung des Weges zur Atemger\u00e4usch-Meditation.<\/li>\n<li>Klang-Geist-Verstand-Atem Interdependenz: Wir fanden eine Reihe von Faktoren, die zum Zusammenspiel zwischen Klangqualit\u00e4ten und Algorithmen einerseits und den gef\u00f6rderten Atemmustern, Denkweisen, emotionalen Qualit\u00e4ten und Bewusstseinszust\u00e4nden andererseits beitragen. Dieses enorme Potenzial erfordert detailliertere wissenschaftliche Untersuchungen.<\/li>\n<li>Vayou als Therapieinstrument f\u00fcr Patienten mit zerebralem Koma. Es gibt Hinweise darauf, dass Koma-Patienten durch die strukturierte Anwendung spezifischer VaYou-Flow-Programme einen ges\u00fcnderen Bewusstseinszustand erlangen k\u00f6nnen.<\/li>\n<li>Ausarbeitung von Behandlungsprogrammen, bei denen VaYou eine erg\u00e4nzende Body-Mind- Therapie bei Angstzust\u00e4nden, Panikst\u00f6rungen, PTBS, chronischen Schmerzen und anderen &#8222;psychosomatischen&#8220; und psychiatrischen St\u00f6rungen ist.<\/li>\n<\/ol>\n<p>Wenn Sie Experte in den Bereichen Medizin, Psychologie, Psychotherapie oder HRV sind und daran interessiert sind, mit VaYou in Kombination mit Methoden oder Behandlungen, die Sie bereits anwenden, zu forschen, kontaktieren Sie uns bitte unter:<\/p>\n<p>&#114;&#x65;&#115;&#x65;&#97;&#x72;c&#x68;&#64;&#x77;a&#118;&#x65;&#109;&#x65;&#100;&#x2e;&#99;&#x6f;m<\/p>\n<h3>Aktuelle VaYou-Forschung<\/h3>\n<p>Im sozialmedizinischen Zentrum von Wien, \u00d6sterreich*, wird das Otto-Wagner-Krankenhaus (OWS) Vayou als Erg\u00e4nzungstherapie eingesetzt. Es wird zur Erg\u00e4nzung der medizinischen und psychotherapeutischen Behandlung verschiedener Arten von psychiatrischen St\u00f6rungen eingesetzt. Positive Effekte und eine gute Patientenadoption werden bei Angst, Depressionen, Borderline-Syndrom und leichten Formen der Schizophrenie berichtet.<\/p>\n<p>Eine wissenschaftliche Untersuchung ist derzeit in Vorbereitung. Es sollen einige der Muster aufgezeigt werden, die bei der Kombination von Parametern wie Patientenpers\u00f6nlichkeit, Diagnose, aktuelle Stimmung, der angewandte Vayou~Flow in Kombination mit den Ver\u00e4nderungen der Atem- und Herzaktivit\u00e4t und den Dimensionen des subjektiven Nutzens zu finden sind.<\/p>\n","protected":false},"excerpt":{"rendered":"<p>VaYou Forschungsprogramm Dieses Programm basiert auf den Forschungsarbeiten, die wir 1995 begonnen haben und die durch unsere RealTime Biosignal Workstation (OS Nextstep) erm\u00f6glicht wurden. Die VaYou fokussierte Forschung wurde 2017 gegr\u00fcndet und gliedert sich in f\u00fcnf Bereiche: \u00a0Atem-Klang-Geist Feedback\/Feedforward als p\u00e4dagogisches Werkzeug f\u00fcr die Themen Geistesgesundheit, Selbstwahrnehmung, K\u00f6rper-Geist Beziehung und Herzfrequenzvariabilit\u00e4t (HRV). Biofeedback-unterst\u00fctzte Meditation: Etablierung&#8230;<\/p>\n","protected":false},"author":1,"featured_media":587,"parent":0,"menu_order":0,"comment_status":"closed","ping_status":"closed","template":"page-templates\/template-fluid.php","meta":{"footnotes":""},"class_list":["post-585","page","type-page","status-publish","has-post-thumbnail","hentry"],"yoast_head":"<!-- This site is optimized with the Yoast SEO plugin v25.8 - https:\/\/yoast.com\/wordpress\/plugins\/seo\/ -->\n<title>Forschung - VaYou<\/title>\n<meta name=\"robots\" content=\"index, follow, max-snippet:-1, max-image-preview:large, max-video-preview:-1\" \/>\n<link rel=\"canonical\" href=\"https:\/\/vayou.app\/de\/research\/\" \/>\n<meta property=\"og:locale\" content=\"de_DE\" \/>\n<meta property=\"og:type\" content=\"article\" \/>\n<meta property=\"og:title\" content=\"Forschung - VaYou\" \/>\n<meta property=\"og:description\" content=\"VaYou Forschungsprogramm Dieses Programm basiert auf den Forschungsarbeiten, die wir 1995 begonnen haben und die durch unsere RealTime Biosignal Workstation (OS Nextstep) erm\u00f6glicht wurden. Die VaYou fokussierte Forschung wurde 2017 gegr\u00fcndet und gliedert sich in f\u00fcnf Bereiche: \u00a0Atem-Klang-Geist Feedback\/Feedforward als p\u00e4dagogisches Werkzeug f\u00fcr die Themen Geistesgesundheit, Selbstwahrnehmung, K\u00f6rper-Geist Beziehung und Herzfrequenzvariabilit\u00e4t (HRV). Biofeedback-unterst\u00fctzte Meditation: Etablierung...\" \/>\n<meta property=\"og:url\" content=\"https:\/\/vayou.app\/de\/research\/\" \/>\n<meta property=\"og:site_name\" content=\"VaYou\" \/>\n<meta property=\"article:publisher\" content=\"https:\/\/www.facebook.com\/vayouapp\/\" \/>\n<meta property=\"article:modified_time\" content=\"2019-07-23T15:20:04+00:00\" \/>\n<meta property=\"og:image\" content=\"https:\/\/vayou.app\/wp-content\/uploads\/2018\/09\/RT_Screenshot_Banner.jpeg\" \/>\n\t<meta property=\"og:image:width\" content=\"1345\" \/>\n\t<meta property=\"og:image:height\" content=\"418\" \/>\n\t<meta property=\"og:image:type\" content=\"image\/jpeg\" \/>\n<meta name=\"twitter:card\" content=\"summary_large_image\" \/>\n<meta name=\"twitter:label1\" content=\"Gesch\u00e4tzte Lesezeit\" \/>\n\t<meta name=\"twitter:data1\" content=\"2\u00a0Minuten\" \/>\n<script type=\"application\/ld+json\" class=\"yoast-schema-graph\">{\"@context\":\"https:\/\/schema.org\",\"@graph\":[{\"@type\":\"WebPage\",\"@id\":\"https:\/\/vayou.app\/de\/research\/\",\"url\":\"https:\/\/vayou.app\/de\/research\/\",\"name\":\"Forschung - VaYou\",\"isPartOf\":{\"@id\":\"https:\/\/vayou.app\/de\/#website\"},\"primaryImageOfPage\":{\"@id\":\"https:\/\/vayou.app\/de\/research\/#primaryimage\"},\"image\":{\"@id\":\"https:\/\/vayou.app\/de\/research\/#primaryimage\"},\"thumbnailUrl\":\"https:\/\/vayou.app\/wp-content\/uploads\/2018\/09\/RT_Screenshot_Banner.jpeg\",\"datePublished\":\"2017-12-14T21:40:36+00:00\",\"dateModified\":\"2019-07-23T15:20:04+00:00\",\"breadcrumb\":{\"@id\":\"https:\/\/vayou.app\/de\/research\/#breadcrumb\"},\"inLanguage\":\"de\",\"potentialAction\":[{\"@type\":\"ReadAction\",\"target\":[\"https:\/\/vayou.app\/de\/research\/\"]}]},{\"@type\":\"ImageObject\",\"inLanguage\":\"de\",\"@id\":\"https:\/\/vayou.app\/de\/research\/#primaryimage\",\"url\":\"https:\/\/vayou.app\/wp-content\/uploads\/2018\/09\/RT_Screenshot_Banner.jpeg\",\"contentUrl\":\"https:\/\/vayou.app\/wp-content\/uploads\/2018\/09\/RT_Screenshot_Banner.jpeg\",\"width\":1345,\"height\":418},{\"@type\":\"BreadcrumbList\",\"@id\":\"https:\/\/vayou.app\/de\/research\/#breadcrumb\",\"itemListElement\":[{\"@type\":\"ListItem\",\"position\":1,\"name\":\"Home\",\"item\":\"https:\/\/vayou.app\/de\/\"},{\"@type\":\"ListItem\",\"position\":2,\"name\":\"Forschung\"}]},{\"@type\":\"WebSite\",\"@id\":\"https:\/\/vayou.app\/de\/#website\",\"url\":\"https:\/\/vayou.app\/de\/\",\"name\":\"VaYou\",\"description\":\"VaYou Biofeedback Meditation iOS app description and sound examples\",\"publisher\":{\"@id\":\"https:\/\/vayou.app\/de\/#organization\"},\"potentialAction\":[{\"@type\":\"SearchAction\",\"target\":{\"@type\":\"EntryPoint\",\"urlTemplate\":\"https:\/\/vayou.app\/de\/?s={search_term_string}\"},\"query-input\":{\"@type\":\"PropertyValueSpecification\",\"valueRequired\":true,\"valueName\":\"search_term_string\"}}],\"inLanguage\":\"de\"},{\"@type\":\"Organization\",\"@id\":\"https:\/\/vayou.app\/de\/#organization\",\"name\":\"VaYou\",\"url\":\"https:\/\/vayou.app\/de\/\",\"logo\":{\"@type\":\"ImageObject\",\"inLanguage\":\"de\",\"@id\":\"https:\/\/vayou.app\/de\/#\/schema\/logo\/image\/\",\"url\":\"https:\/\/vayou.app\/wp-content\/uploads\/2018\/09\/IconV-1024-lessBorder-500x464.png\",\"contentUrl\":\"https:\/\/vayou.app\/wp-content\/uploads\/2018\/09\/IconV-1024-lessBorder-500x464.png\",\"width\":500,\"height\":464,\"caption\":\"VaYou\"},\"image\":{\"@id\":\"https:\/\/vayou.app\/de\/#\/schema\/logo\/image\/\"},\"sameAs\":[\"https:\/\/www.facebook.com\/vayouapp\/\"]}]}<\/script>\n<!-- \/ Yoast SEO plugin. -->","yoast_head_json":{"title":"Forschung - VaYou","robots":{"index":"index","follow":"follow","max-snippet":"max-snippet:-1","max-image-preview":"max-image-preview:large","max-video-preview":"max-video-preview:-1"},"canonical":"https:\/\/vayou.app\/de\/research\/","og_locale":"de_DE","og_type":"article","og_title":"Forschung - VaYou","og_description":"VaYou Forschungsprogramm Dieses Programm basiert auf den Forschungsarbeiten, die wir 1995 begonnen haben und die durch unsere RealTime Biosignal Workstation (OS Nextstep) erm\u00f6glicht wurden. Die VaYou fokussierte Forschung wurde 2017 gegr\u00fcndet und gliedert sich in f\u00fcnf Bereiche: \u00a0Atem-Klang-Geist Feedback\/Feedforward als p\u00e4dagogisches Werkzeug f\u00fcr die Themen Geistesgesundheit, Selbstwahrnehmung, K\u00f6rper-Geist Beziehung und Herzfrequenzvariabilit\u00e4t (HRV). Biofeedback-unterst\u00fctzte Meditation: Etablierung...","og_url":"https:\/\/vayou.app\/de\/research\/","og_site_name":"VaYou","article_publisher":"https:\/\/www.facebook.com\/vayouapp\/","article_modified_time":"2019-07-23T15:20:04+00:00","og_image":[{"width":1345,"height":418,"url":"https:\/\/vayou.app\/wp-content\/uploads\/2018\/09\/RT_Screenshot_Banner.jpeg","type":"image\/jpeg"}],"twitter_card":"summary_large_image","twitter_misc":{"Gesch\u00e4tzte Lesezeit":"2\u00a0Minuten"},"schema":{"@context":"https:\/\/schema.org","@graph":[{"@type":"WebPage","@id":"https:\/\/vayou.app\/de\/research\/","url":"https:\/\/vayou.app\/de\/research\/","name":"Forschung - VaYou","isPartOf":{"@id":"https:\/\/vayou.app\/de\/#website"},"primaryImageOfPage":{"@id":"https:\/\/vayou.app\/de\/research\/#primaryimage"},"image":{"@id":"https:\/\/vayou.app\/de\/research\/#primaryimage"},"thumbnailUrl":"https:\/\/vayou.app\/wp-content\/uploads\/2018\/09\/RT_Screenshot_Banner.jpeg","datePublished":"2017-12-14T21:40:36+00:00","dateModified":"2019-07-23T15:20:04+00:00","breadcrumb":{"@id":"https:\/\/vayou.app\/de\/research\/#breadcrumb"},"inLanguage":"de","potentialAction":[{"@type":"ReadAction","target":["https:\/\/vayou.app\/de\/research\/"]}]},{"@type":"ImageObject","inLanguage":"de","@id":"https:\/\/vayou.app\/de\/research\/#primaryimage","url":"https:\/\/vayou.app\/wp-content\/uploads\/2018\/09\/RT_Screenshot_Banner.jpeg","contentUrl":"https:\/\/vayou.app\/wp-content\/uploads\/2018\/09\/RT_Screenshot_Banner.jpeg","width":1345,"height":418},{"@type":"BreadcrumbList","@id":"https:\/\/vayou.app\/de\/research\/#breadcrumb","itemListElement":[{"@type":"ListItem","position":1,"name":"Home","item":"https:\/\/vayou.app\/de\/"},{"@type":"ListItem","position":2,"name":"Forschung"}]},{"@type":"WebSite","@id":"https:\/\/vayou.app\/de\/#website","url":"https:\/\/vayou.app\/de\/","name":"VaYou","description":"VaYou Biofeedback Meditation iOS app description and sound examples","publisher":{"@id":"https:\/\/vayou.app\/de\/#organization"},"potentialAction":[{"@type":"SearchAction","target":{"@type":"EntryPoint","urlTemplate":"https:\/\/vayou.app\/de\/?s={search_term_string}"},"query-input":{"@type":"PropertyValueSpecification","valueRequired":true,"valueName":"search_term_string"}}],"inLanguage":"de"},{"@type":"Organization","@id":"https:\/\/vayou.app\/de\/#organization","name":"VaYou","url":"https:\/\/vayou.app\/de\/","logo":{"@type":"ImageObject","inLanguage":"de","@id":"https:\/\/vayou.app\/de\/#\/schema\/logo\/image\/","url":"https:\/\/vayou.app\/wp-content\/uploads\/2018\/09\/IconV-1024-lessBorder-500x464.png","contentUrl":"https:\/\/vayou.app\/wp-content\/uploads\/2018\/09\/IconV-1024-lessBorder-500x464.png","width":500,"height":464,"caption":"VaYou"},"image":{"@id":"https:\/\/vayou.app\/de\/#\/schema\/logo\/image\/"},"sameAs":["https:\/\/www.facebook.com\/vayouapp\/"]}]}},"_links":{"self":[{"href":"https:\/\/vayou.app\/de\/wp-json\/wp\/v2\/pages\/585","targetHints":{"allow":["GET"]}}],"collection":[{"href":"https:\/\/vayou.app\/de\/wp-json\/wp\/v2\/pages"}],"about":[{"href":"https:\/\/vayou.app\/de\/wp-json\/wp\/v2\/types\/page"}],"author":[{"embeddable":true,"href":"https:\/\/vayou.app\/de\/wp-json\/wp\/v2\/users\/1"}],"replies":[{"embeddable":true,"href":"https:\/\/vayou.app\/de\/wp-json\/wp\/v2\/comments?post=585"}],"version-history":[{"count":6,"href":"https:\/\/vayou.app\/de\/wp-json\/wp\/v2\/pages\/585\/revisions"}],"predecessor-version":[{"id":1021,"href":"https:\/\/vayou.app\/de\/wp-json\/wp\/v2\/pages\/585\/revisions\/1021"}],"wp:featuredmedia":[{"embeddable":true,"href":"https:\/\/vayou.app\/de\/wp-json\/wp\/v2\/media\/587"}],"wp:attachment":[{"href":"https:\/\/vayou.app\/de\/wp-json\/wp\/v2\/media?parent=585"}],"curies":[{"name":"wp","href":"https:\/\/api.w.org\/{rel}","templated":true}]}}