{"id":242,"date":"2017-12-14T13:48:38","date_gmt":"2017-12-14T13:48:38","guid":{"rendered":"https:\/\/vayou.app\/?page_id=242"},"modified":"2018-12-03T15:20:12","modified_gmt":"2018-12-03T15:20:12","slug":"home","status":"publish","type":"page","link":"https:\/\/vayou.app\/de\/","title":{"rendered":"Startseite"},"content":{"rendered":"<div class=\"page\" title=\"Page 1\">\n<div class=\"section\">\n<div class=\"layoutArea\">\n<div class=\"column\">\n<h5>VaYou verwandelt deine Atmung in Klang. Jede Ein- und Ausatmung erzeugt einen Klangfluss, der Dich und deinen aktuellen Zustand widerspiegelt.<\/h5>\n<h5>Du kannst VaYou daf\u00fcr nutzen, Dir Deiner Atmung bewusster zu sein, tiefer zu atmen oder auch einem Atemmuster zu folgen, aber du musst nicht. Bei dieser App musst Du gar nichts.<\/h5>\n<h5>Das einfache H\u00f6ren auf deinen Atem-Klangfluss wird Dir helfen, deine Gedanken zu beruhigen und Dich auf unvergleichliche Weise tief zu entspannen.<\/h5>\n<\/div>\n<\/div>\n<\/div>\n<\/div>\n<p>&nbsp;<\/p>\n<div class=\"su-row\"><div class=\"su-column su-column-size-1-4\"><div class=\"su-column-inner su-u-clearfix su-u-trim\">\n<p><img loading=\"lazy\" decoding=\"async\" class=\"wp-image-767 alignnone\" src=\"http:\/\/vayou.app\/wp-content\/uploads\/2018\/11\/bio-feedback-150x150.png\" alt=\"\" width=\"80\" height=\"80\" srcset=\"https:\/\/vayou.app\/wp-content\/uploads\/2018\/11\/bio-feedback-150x150.png 150w, https:\/\/vayou.app\/wp-content\/uploads\/2018\/11\/bio-feedback-75x75.png 75w, https:\/\/vayou.app\/wp-content\/uploads\/2018\/11\/bio-feedback.png 200w\" sizes=\"auto, (max-width: 80px) 100vw, 80px\" \/><\/p>\n<h3>Bio feedback<\/h3>\n<div class=\"page\" title=\"Page 1\">\n<div class=\"section\">\n<div class=\"layoutArea\">\n<div class=\"column\">\n<p>Im Gegensatz zu anderen Biofeedback-Systemen funktioniert VaYou sehr direkt und pers\u00f6nlich &#8211; ohne dass man etwas intellektuell &#8222;verstehen&#8220; muss. Du h\u00f6rst nur auf deinen Klangfluss &#8211; alles andere entwickelt sich von selbst.<\/p>\n<\/div>\n<\/div>\n<\/div>\n<\/div>\n<\/div><\/div> <div class=\"su-column su-column-size-1-4\"><div class=\"su-column-inner su-u-clearfix su-u-trim\">\n<p><img loading=\"lazy\" decoding=\"async\" class=\"wp-image-769 alignnone\" src=\"http:\/\/vayou.app\/wp-content\/uploads\/2018\/11\/dynamic-150x150.png\" alt=\"\" width=\"80\" height=\"80\" srcset=\"https:\/\/vayou.app\/wp-content\/uploads\/2018\/11\/dynamic-150x150.png 150w, https:\/\/vayou.app\/wp-content\/uploads\/2018\/11\/dynamic-75x75.png 75w, https:\/\/vayou.app\/wp-content\/uploads\/2018\/11\/dynamic.png 200w\" sizes=\"auto, (max-width: 80px) 100vw, 80px\" \/><\/p>\n<h3>Dynamisch<\/h3>\n<div class=\"page\" title=\"Page 1\">\n<div class=\"section\">\n<div class=\"layoutArea\">\n<div class=\"column\">\n<p>Es ist bekannt, dass Deine Atmung eng mit Deinem Wohlbefinden verbunden ist. VaYou erzeugt einen dynamischen Klangfluss, der genau Deine Atmung repr\u00e4sentiert, um seine tiefe Wirkung zu entfalten.<\/p>\n<\/div>\n<\/div>\n<\/div>\n<\/div>\n<\/div><\/div> <div class=\"su-column su-column-size-1-4\"><div class=\"su-column-inner su-u-clearfix su-u-trim\">\n<p><img loading=\"lazy\" decoding=\"async\" class=\"alignnone wp-image-773\" src=\"http:\/\/vayou.app\/wp-content\/uploads\/2018\/11\/sound-150x150.png\" alt=\"\" width=\"80\" height=\"80\" srcset=\"https:\/\/vayou.app\/wp-content\/uploads\/2018\/11\/sound-150x150.png 150w, https:\/\/vayou.app\/wp-content\/uploads\/2018\/11\/sound-75x75.png 75w, https:\/\/vayou.app\/wp-content\/uploads\/2018\/11\/sound.png 200w\" sizes=\"auto, (max-width: 80px) 100vw, 80px\" \/><\/p>\n<h3>Klang<\/h3>\n<div class=\"page\" title=\"Page 1\">\n<div class=\"section\">\n<div class=\"layoutArea\">\n<div class=\"column\">\n<p>Seit Jahrtausenden werden Kl\u00e4nge wegen ihrer wohltuenden Wirkung auf Geist und K\u00f6rper verwendet. VaYou&#8217;s Effektivit\u00e4t beruht zum Teil auf \u00a0uralten Erkenntnissen. Du kannst auch ein Atemmuster w\u00e4hlen und VaYou erzeugt f\u00fcr Dich eine klangliche Atem-Anleitung &#8211; Du musst nicht (noch) mehr auf den Bildschirm schauen.<\/p>\n<\/div>\n<\/div>\n<\/div>\n<\/div>\n<\/div><\/div> <div class=\"su-column su-column-size-1-4\"><div class=\"su-column-inner su-u-clearfix su-u-trim\">\n<p><img loading=\"lazy\" decoding=\"async\" class=\"alignnone wp-image-771\" src=\"http:\/\/vayou.app\/wp-content\/uploads\/2018\/11\/flow-150x150.png\" alt=\"\" width=\"80\" height=\"80\" srcset=\"https:\/\/vayou.app\/wp-content\/uploads\/2018\/11\/flow-150x150.png 150w, https:\/\/vayou.app\/wp-content\/uploads\/2018\/11\/flow-75x75.png 75w, https:\/\/vayou.app\/wp-content\/uploads\/2018\/11\/flow.png 200w\" sizes=\"auto, (max-width: 80px) 100vw, 80px\" \/><\/p>\n<h3>Flow<\/h3>\n<div class=\"page\" title=\"Page 1\">\n<div class=\"section\">\n<div class=\"layoutArea\">\n<div class=\"column\">\n<div class=\"page\" title=\"Page 1\">\n<div class=\"section\">\n<div class=\"layoutArea\">\n<div class=\"column\">\n<p>Die unmittelbare und sehr sanfte Klangr\u00fcckmeldung erlaubt es, einfach &#8222;mit dem Flow&#8220; zu sein und ein sehr ausgewogenes Erlebnis zu genie\u00dfen, ohne dass du etwas Bestimmtes tun musst. Atem+Klang hat in gewisser Weise eine magische Wirkung.<\/p>\n<\/div>\n<\/div>\n<\/div>\n<\/div>\n<\/div>\n<\/div>\n<\/div>\n<\/div>\n<\/div><\/div><\/div>\n","protected":false},"excerpt":{"rendered":"<p>VaYou verwandelt deine Atmung in Klang. Jede Ein- und Ausatmung erzeugt einen Klangfluss, der Dich und deinen aktuellen Zustand widerspiegelt. Du kannst VaYou daf\u00fcr nutzen, Dir Deiner Atmung bewusster zu sein, tiefer zu atmen oder auch einem Atemmuster zu folgen, aber du musst nicht. Bei dieser App musst Du gar nichts. Das einfache H\u00f6ren auf&#8230;<\/p>\n","protected":false},"author":1,"featured_media":0,"parent":0,"menu_order":0,"comment_status":"closed","ping_status":"closed","template":"page-templates\/template-homepage.php","meta":{"footnotes":""},"class_list":["post-242","page","type-page","status-publish","hentry"],"yoast_head":"<!-- This site is optimized with the Yoast SEO plugin v25.8 - https:\/\/yoast.com\/wordpress\/plugins\/seo\/ -->\n<title>Startseite - VaYou<\/title>\n<meta name=\"robots\" content=\"index, follow, max-snippet:-1, max-image-preview:large, max-video-preview:-1\" \/>\n<link rel=\"canonical\" href=\"https:\/\/vayou.app\/de\/\" \/>\n<meta property=\"og:locale\" content=\"de_DE\" \/>\n<meta property=\"og:type\" content=\"article\" \/>\n<meta property=\"og:title\" content=\"Startseite - VaYou\" \/>\n<meta property=\"og:description\" content=\"VaYou verwandelt deine Atmung in Klang. Jede Ein- und Ausatmung erzeugt einen Klangfluss, der Dich und deinen aktuellen Zustand widerspiegelt. Du kannst VaYou daf\u00fcr nutzen, Dir Deiner Atmung bewusster zu sein, tiefer zu atmen oder auch einem Atemmuster zu folgen, aber du musst nicht. Bei dieser App musst Du gar nichts. Das einfache H\u00f6ren auf...\" \/>\n<meta property=\"og:url\" content=\"https:\/\/vayou.app\/de\/\" \/>\n<meta property=\"og:site_name\" content=\"VaYou\" \/>\n<meta property=\"article:publisher\" content=\"https:\/\/www.facebook.com\/vayouapp\/\" \/>\n<meta property=\"article:modified_time\" content=\"2018-12-03T15:20:12+00:00\" \/>\n<meta property=\"og:image\" content=\"http:\/\/vayou.app\/wp-content\/uploads\/2018\/11\/bio-feedback-150x150.png\" \/>\n<meta name=\"twitter:card\" content=\"summary_large_image\" \/>\n<meta name=\"twitter:label1\" content=\"Gesch\u00e4tzte Lesezeit\" \/>\n\t<meta name=\"twitter:data1\" content=\"1\u00a0Minute\" \/>\n<script type=\"application\/ld+json\" class=\"yoast-schema-graph\">{\"@context\":\"https:\/\/schema.org\",\"@graph\":[{\"@type\":\"WebPage\",\"@id\":\"https:\/\/vayou.app\/de\/\",\"url\":\"https:\/\/vayou.app\/de\/\",\"name\":\"Startseite - VaYou\",\"isPartOf\":{\"@id\":\"https:\/\/vayou.app\/de\/#website\"},\"primaryImageOfPage\":{\"@id\":\"https:\/\/vayou.app\/de\/#primaryimage\"},\"image\":{\"@id\":\"https:\/\/vayou.app\/de\/#primaryimage\"},\"thumbnailUrl\":\"http:\/\/vayou.app\/wp-content\/uploads\/2018\/11\/bio-feedback-150x150.png\",\"datePublished\":\"2017-12-14T13:48:38+00:00\",\"dateModified\":\"2018-12-03T15:20:12+00:00\",\"breadcrumb\":{\"@id\":\"https:\/\/vayou.app\/de\/#breadcrumb\"},\"inLanguage\":\"de\",\"potentialAction\":[{\"@type\":\"ReadAction\",\"target\":[\"https:\/\/vayou.app\/de\/\"]}]},{\"@type\":\"ImageObject\",\"inLanguage\":\"de\",\"@id\":\"https:\/\/vayou.app\/de\/#primaryimage\",\"url\":\"http:\/\/vayou.app\/wp-content\/uploads\/2018\/11\/bio-feedback-150x150.png\",\"contentUrl\":\"http:\/\/vayou.app\/wp-content\/uploads\/2018\/11\/bio-feedback-150x150.png\"},{\"@type\":\"BreadcrumbList\",\"@id\":\"https:\/\/vayou.app\/de\/#breadcrumb\",\"itemListElement\":[{\"@type\":\"ListItem\",\"position\":1,\"name\":\"Home\",\"item\":\"https:\/\/vayou.app\/de\/\"},{\"@type\":\"ListItem\",\"position\":2,\"name\":\"Startseite\"}]},{\"@type\":\"WebSite\",\"@id\":\"https:\/\/vayou.app\/de\/#website\",\"url\":\"https:\/\/vayou.app\/de\/\",\"name\":\"VaYou\",\"description\":\"VaYou Biofeedback Meditation iOS app description and sound examples\",\"publisher\":{\"@id\":\"https:\/\/vayou.app\/de\/#organization\"},\"potentialAction\":[{\"@type\":\"SearchAction\",\"target\":{\"@type\":\"EntryPoint\",\"urlTemplate\":\"https:\/\/vayou.app\/de\/?s={search_term_string}\"},\"query-input\":{\"@type\":\"PropertyValueSpecification\",\"valueRequired\":true,\"valueName\":\"search_term_string\"}}],\"inLanguage\":\"de\"},{\"@type\":\"Organization\",\"@id\":\"https:\/\/vayou.app\/de\/#organization\",\"name\":\"VaYou\",\"url\":\"https:\/\/vayou.app\/de\/\",\"logo\":{\"@type\":\"ImageObject\",\"inLanguage\":\"de\",\"@id\":\"https:\/\/vayou.app\/de\/#\/schema\/logo\/image\/\",\"url\":\"https:\/\/vayou.app\/wp-content\/uploads\/2018\/09\/IconV-1024-lessBorder-500x464.png\",\"contentUrl\":\"https:\/\/vayou.app\/wp-content\/uploads\/2018\/09\/IconV-1024-lessBorder-500x464.png\",\"width\":500,\"height\":464,\"caption\":\"VaYou\"},\"image\":{\"@id\":\"https:\/\/vayou.app\/de\/#\/schema\/logo\/image\/\"},\"sameAs\":[\"https:\/\/www.facebook.com\/vayouapp\/\"]}]}<\/script>\n<!-- \/ Yoast SEO plugin. -->","yoast_head_json":{"title":"Startseite - VaYou","robots":{"index":"index","follow":"follow","max-snippet":"max-snippet:-1","max-image-preview":"max-image-preview:large","max-video-preview":"max-video-preview:-1"},"canonical":"https:\/\/vayou.app\/de\/","og_locale":"de_DE","og_type":"article","og_title":"Startseite - VaYou","og_description":"VaYou verwandelt deine Atmung in Klang. Jede Ein- und Ausatmung erzeugt einen Klangfluss, der Dich und deinen aktuellen Zustand widerspiegelt. Du kannst VaYou daf\u00fcr nutzen, Dir Deiner Atmung bewusster zu sein, tiefer zu atmen oder auch einem Atemmuster zu folgen, aber du musst nicht. Bei dieser App musst Du gar nichts. Das einfache H\u00f6ren auf...","og_url":"https:\/\/vayou.app\/de\/","og_site_name":"VaYou","article_publisher":"https:\/\/www.facebook.com\/vayouapp\/","article_modified_time":"2018-12-03T15:20:12+00:00","og_image":[{"url":"http:\/\/vayou.app\/wp-content\/uploads\/2018\/11\/bio-feedback-150x150.png","type":"","width":"","height":""}],"twitter_card":"summary_large_image","twitter_misc":{"Gesch\u00e4tzte Lesezeit":"1\u00a0Minute"},"schema":{"@context":"https:\/\/schema.org","@graph":[{"@type":"WebPage","@id":"https:\/\/vayou.app\/de\/","url":"https:\/\/vayou.app\/de\/","name":"Startseite - VaYou","isPartOf":{"@id":"https:\/\/vayou.app\/de\/#website"},"primaryImageOfPage":{"@id":"https:\/\/vayou.app\/de\/#primaryimage"},"image":{"@id":"https:\/\/vayou.app\/de\/#primaryimage"},"thumbnailUrl":"http:\/\/vayou.app\/wp-content\/uploads\/2018\/11\/bio-feedback-150x150.png","datePublished":"2017-12-14T13:48:38+00:00","dateModified":"2018-12-03T15:20:12+00:00","breadcrumb":{"@id":"https:\/\/vayou.app\/de\/#breadcrumb"},"inLanguage":"de","potentialAction":[{"@type":"ReadAction","target":["https:\/\/vayou.app\/de\/"]}]},{"@type":"ImageObject","inLanguage":"de","@id":"https:\/\/vayou.app\/de\/#primaryimage","url":"http:\/\/vayou.app\/wp-content\/uploads\/2018\/11\/bio-feedback-150x150.png","contentUrl":"http:\/\/vayou.app\/wp-content\/uploads\/2018\/11\/bio-feedback-150x150.png"},{"@type":"BreadcrumbList","@id":"https:\/\/vayou.app\/de\/#breadcrumb","itemListElement":[{"@type":"ListItem","position":1,"name":"Home","item":"https:\/\/vayou.app\/de\/"},{"@type":"ListItem","position":2,"name":"Startseite"}]},{"@type":"WebSite","@id":"https:\/\/vayou.app\/de\/#website","url":"https:\/\/vayou.app\/de\/","name":"VaYou","description":"VaYou Biofeedback Meditation iOS app description and sound examples","publisher":{"@id":"https:\/\/vayou.app\/de\/#organization"},"potentialAction":[{"@type":"SearchAction","target":{"@type":"EntryPoint","urlTemplate":"https:\/\/vayou.app\/de\/?s={search_term_string}"},"query-input":{"@type":"PropertyValueSpecification","valueRequired":true,"valueName":"search_term_string"}}],"inLanguage":"de"},{"@type":"Organization","@id":"https:\/\/vayou.app\/de\/#organization","name":"VaYou","url":"https:\/\/vayou.app\/de\/","logo":{"@type":"ImageObject","inLanguage":"de","@id":"https:\/\/vayou.app\/de\/#\/schema\/logo\/image\/","url":"https:\/\/vayou.app\/wp-content\/uploads\/2018\/09\/IconV-1024-lessBorder-500x464.png","contentUrl":"https:\/\/vayou.app\/wp-content\/uploads\/2018\/09\/IconV-1024-lessBorder-500x464.png","width":500,"height":464,"caption":"VaYou"},"image":{"@id":"https:\/\/vayou.app\/de\/#\/schema\/logo\/image\/"},"sameAs":["https:\/\/www.facebook.com\/vayouapp\/"]}]}},"_links":{"self":[{"href":"https:\/\/vayou.app\/de\/wp-json\/wp\/v2\/pages\/242","targetHints":{"allow":["GET"]}}],"collection":[{"href":"https:\/\/vayou.app\/de\/wp-json\/wp\/v2\/pages"}],"about":[{"href":"https:\/\/vayou.app\/de\/wp-json\/wp\/v2\/types\/page"}],"author":[{"embeddable":true,"href":"https:\/\/vayou.app\/de\/wp-json\/wp\/v2\/users\/1"}],"replies":[{"embeddable":true,"href":"https:\/\/vayou.app\/de\/wp-json\/wp\/v2\/comments?post=242"}],"version-history":[{"count":14,"href":"https:\/\/vayou.app\/de\/wp-json\/wp\/v2\/pages\/242\/revisions"}],"predecessor-version":[{"id":917,"href":"https:\/\/vayou.app\/de\/wp-json\/wp\/v2\/pages\/242\/revisions\/917"}],"wp:attachment":[{"href":"https:\/\/vayou.app\/de\/wp-json\/wp\/v2\/media?parent=242"}],"curies":[{"name":"wp","href":"https:\/\/api.w.org\/{rel}","templated":true}]}}